{"id":17166,"date":"2018-10-20T00:24:21","date_gmt":"2018-10-19T22:24:21","guid":{"rendered":"https:\/\/gast.vamtam.com\/?page_id=17166"},"modified":"2024-08-07T11:27:50","modified_gmt":"2024-08-07T09:27:50","slug":"apartments","status":"publish","type":"page","link":"http:\/\/darelcap.tn\/?page_id=17166","title":{"rendered":"Location pour mariage"},"content":{"rendered":"<div class=\"vgblk-rw-wrapper limit-wrapper\">\n<h2>\n\tNotre offre pour les mariages\n\t<\/h2>\n\t<ul>\n<li>Chez Dar El Cap, vous pouvez louer la villa en entier et les espaces ext\u00e9rieurs pour votre mariage<\/li>\n<li>Capacit\u00e9 maximum d&#8217;accueil pour l&#8217;\u00e9v\u00e8nement: 150 personnes<\/li>\n<li>Services inclus dans la location: D\u00e9corations des 3 espaces de mariages, y compris la d\u00e9corations des tables de diners (Pergola, D\u00f4me, Piscine et toit)<\/li>\n<\/ul>\n<p>&nbsp;<\/p>\n<p><strong>Pour chaque \u00e9v\u00e8nement de mariage, Dar El Cap vous offre:\u00a0<\/strong><\/p>\n<ul>\n<li>Une nuit\u00e9e pour le couple<\/li>\n<li>D\u00e9corations des 3 espaces de mariages, y compris la d\u00e9corations des tables de diners (Pergola, D\u00f4me, Piscine et toit)<\/li>\n<li>Serveurs<\/li>\n<li>Une nuit\u00e9e pour le couple mari\u00e9e<\/li>\n<\/ul>\n<p><strong>Prix :<\/strong> 6 milles dinars<\/p>\n\t<h4>Pour faire une r\u00e9servation:<\/h4>\n\t\t\t<a href=\"https:\/\/www.instagram.com\/darelcap\/\" target=\"_blank\" role=\"button\" rel=\"noopener\">\n\t\t\t\t\t\tInstagram\n\t\t\t\t\t<\/a>\n\t\t\t<a href=\"https:\/\/www.facebook.com\/darelcap1\" target=\"_blank\" role=\"button\" rel=\"noopener\">\n\t\t\t\t\t\tFacebook\n\t\t\t\t\t<\/a>\n<h1>\n\tUne vue \u00e9poustouflante dans chaque coin de la Villa\n\t<\/h1>\n\t<div id=\"grid-gallery-1-42980\" data-gg-id=\"1\" data-title=\"wedding\" data-grid-type=\"0\" data-offset=\"5.3\" data-area-position=\"center\" data-icons=\"false\" data-preloader=\"true\" data-width=\"215\" data-height=\"215\" data-padding=\"0\" data-quicksand=\"disabled\" data-quicksand-duration=\"1800\" data-popup-theme=\"theme_6\" data-popup-type=\"pretty-photo\" data-popup-image-text=\"data-description\" data-popup-widthsize=\"auto\" data-popup-heightsize=\"auto\" data-popup-i18n-words=\"{&quot;close&quot;:&quot;close&quot;,&quot;next&quot;:&quot;next&quot;,&quot;previous&quot;:&quot;previous&quot;,&quot;start_slideshow&quot;:&quot;start slideshow&quot;,&quot;stop_slideshow&quot;:&quot;stop slideshow&quot;,&quot;image&quot;:&quot;image&quot;,&quot;of&quot;:&quot;of&quot;,&quot;prev&quot;:&quot;prev&quot;,&quot;cExpand&quot;:&quot;Expand&quot;,&quot;cPrevious&quot;:&quot;Previous&quot;,&quot;cNext&quot;:&quot;Next&quot;,&quot;cExpandStr&quot;:&quot;Expand the image&quot;,&quot;cRotate&quot;:&quot;Rotate&quot;,&quot;cDetails&quot;:&quot;Details&quot;}\" data-popup-slideshow=\"false\" data-popup-slideshow-speed=\"2500\" data-popup-hoverstop=\"true\" data-popup-slideshow-auto=\"false\" data-popup-background=\"\" data-popup-transparency=\"30\" data-popup-disable-history=\"\" data-popup-disable-changed-url=\"\" data-popup-border-type=\"\" data-popup-border-color=\"\" data-popup-border-width=\"\" data-popup-border-enable=\"\" data-fullscreen=\"false\" data-hide-tooltip=\"false\" data-caption-font-family=\"Default\" data-caption-text-size=\"140\" data-is-mobile=\"0\" data-caption-mobile=\"false\" data-hide-long-tltp-title=\"0\" data-caption-disabled-on-mobile=\"false\" data-popup-placement-type=\"0\" data-social-sharing=\"{&quot;enabled&quot;:&quot;&quot;,&quot;gallerySharing&quot;:{&quot;enabled&quot;:null,&quot;position&quot;:null},&quot;imageSharing&quot;:{&quot;enabled&quot;:null,&quot;wrapperClass&quot;:&quot; vertical &quot;},&quot;popupSharing&quot;:{&quot;enabled&quot;:null,&quot;wrapperClass&quot;:&quot; vertical &quot;}}\" class=\"grid-gallery grid-gallery-fixed \" style=\" width:100%; height:auto; margin-left:auto; margin-right:auto;position:relative;\"> <div class=\"gallery-loading\"> <div class=\"blocks\"> <div class=\"block\"><\/div> <div class=\"block\"><\/div> <div class=\"block\"><\/div> <div class=\"block\"><\/div> <\/div> <\/div> <div class=\"gallery-sharing-top\"><\/div> <div id=\"photos-1\" class=\"grid-gallery-photos\"><a id=\"gg-1-1\" class=\"gg-link \" data-attachment-id=\"988033\" href=\"http:\/\/darelcap.tn\/wp-content\/uploads\/2023\/12\/377152714_3437253936534789_3109973148415924772_n-scaled.jpg?gid=1\" target=\"_self\" title=\"Mariage Dar El Cap\" data-rel=\"prettyPhoto[pp_gal]\" style=\"border-radius:00;\" ><FIGURE class=\"grid-gallery-caption\" data-grid-gallery-type=\"quarter-slide-up\" data-index=\"0\" style=\"display:none;border-radius:00;; margin:5.3px; width:2150;\" ><div class=\"crop\" style=\" width:2150; height:2150; overflow:hidden;\"><img decoding=\"async\" src=\"http:\/\/darelcap.tn\/wp-content\/uploads\/2023\/12\/377152714_3437253936534789_3109973148415924772_n-scaled-215x215.jpg\" class=\"ggImg\" alt=\"Mariage Dar El Cap\" title=\"Mariage Dar El Cap\" data-description=\"Mariage Dar El Cap\" data-caption=\"Mariage Dar El Cap - maison d&amp;#039;hote\" data-title=\"377152714_3437253936534789_3109973148415924772_n\" style=\" width:215px; height:215px;\" \/><\/div><FIGCAPTION class=\"\" data-alpha=\"5\" style=\"color:#ffffff; background-color:#6f0000; font-size:140; text-align:2; font-family:Default;\" ><div class=\"grid-gallery-figcaption-wrap\" style=\" vertical-align:;\"><div class=\"gg-image-caption fitvidsignore\" style=\"font-size:140;\"><object type=\"none\/none\">Mariage Dar El Cap - maison d&amp;#039;hote <\/object><\/div><\/div><\/FIGCAPTION><\/FIGURE><\/a><a id=\"gg-1-2\" class=\"gg-link \" data-attachment-id=\"988034\" href=\"http:\/\/darelcap.tn\/wp-content\/uploads\/2023\/12\/404830759_660253962979170_4707063713215169282_n-scaled.jpg?gid=1\" target=\"_self\" title=\"Mariage Dar El Cap\" data-rel=\"prettyPhoto[pp_gal]\" style=\"border-radius:00;\" ><FIGURE class=\"grid-gallery-caption\" data-grid-gallery-type=\"quarter-slide-up\" data-index=\"1\" style=\"display:none;border-radius:00;; margin:5.3px; width:2150;\" ><div class=\"crop\" style=\" width:2150; height:2150; overflow:hidden;\"><img decoding=\"async\" src=\"http:\/\/darelcap.tn\/wp-content\/uploads\/2023\/12\/404830759_660253962979170_4707063713215169282_n-scaled-215x215.jpg\" class=\"ggImg\" alt=\"Mariage Dar El Cap\" title=\"Mariage Dar El Cap\" data-description=\"Mariage Dar El Cap\" data-caption=\"Mariage Dar El Cap - maison d&amp;#039;hote\" data-title=\"404830759_660253962979170_4707063713215169282_n\" style=\" width:215px; height:215px;\" \/><\/div><FIGCAPTION class=\"\" data-alpha=\"5\" style=\"color:#ffffff; background-color:#6f0000; font-size:140; text-align:2; font-family:Default;\" ><div class=\"grid-gallery-figcaption-wrap\" style=\" vertical-align:;\"><div class=\"gg-image-caption fitvidsignore\" style=\"font-size:140;\"><object type=\"none\/none\">Mariage Dar El Cap - maison d&amp;#039;hote <\/object><\/div><\/div><\/FIGCAPTION><\/FIGURE><\/a><a id=\"gg-1-3\" class=\"gg-link \" data-attachment-id=\"988035\" href=\"http:\/\/darelcap.tn\/wp-content\/uploads\/2023\/12\/404901174_319873227591312_4922892966792342751_n-scaled.jpg?gid=1\" target=\"_self\" title=\"Mariage Dar El Cap\" data-rel=\"prettyPhoto[pp_gal]\" style=\"border-radius:00;\" ><FIGURE class=\"grid-gallery-caption\" data-grid-gallery-type=\"quarter-slide-up\" data-index=\"2\" style=\"display:none;border-radius:00;; margin:5.3px; width:2150;\" ><div class=\"crop\" style=\" width:2150; height:2150; overflow:hidden;\"><img decoding=\"async\" src=\"http:\/\/darelcap.tn\/wp-content\/uploads\/2023\/12\/404901174_319873227591312_4922892966792342751_n-scaled-215x215.jpg\" class=\"ggImg\" alt=\"Mariage Dar El Cap\" title=\"Mariage Dar El Cap\" data-description=\"Mariage Dar El Cap\" data-caption=\"Mariage Dar El Cap - maison d&amp;#039;hote\" data-title=\"404901174_319873227591312_4922892966792342751_n\" style=\" width:215px; height:215px;\" \/><\/div><FIGCAPTION class=\"\" data-alpha=\"5\" style=\"color:#ffffff; background-color:#6f0000; font-size:140; text-align:2; font-family:Default;\" ><div class=\"grid-gallery-figcaption-wrap\" style=\" vertical-align:;\"><div class=\"gg-image-caption fitvidsignore\" style=\"font-size:140;\"><object type=\"none\/none\">Mariage Dar El Cap - maison d&amp;#039;hote <\/object><\/div><\/div><\/FIGCAPTION><\/FIGURE><\/a><a id=\"gg-1-4\" class=\"gg-link \" data-attachment-id=\"988036\" href=\"http:\/\/darelcap.tn\/wp-content\/uploads\/2023\/12\/405000167_894280675185578_2965161411179754658_n-scaled.jpg?gid=1\" target=\"_self\" title=\"Mariage Dar El Cap\" data-rel=\"prettyPhoto[pp_gal]\" style=\"border-radius:00;\" ><FIGURE class=\"grid-gallery-caption\" data-grid-gallery-type=\"quarter-slide-up\" data-index=\"3\" style=\"display:none;border-radius:00;; margin:5.3px; width:2150;\" ><div class=\"crop\" style=\" width:2150; height:2150; overflow:hidden;\"><img decoding=\"async\" src=\"http:\/\/darelcap.tn\/wp-content\/uploads\/2023\/12\/405000167_894280675185578_2965161411179754658_n-scaled-215x215.jpg\" class=\"ggImg\" alt=\"Mariage Dar El Cap\" title=\"Mariage Dar El Cap\" data-description=\"Mariage Dar El Cap\" data-caption=\"Mariage Dar El Cap - maison d&amp;#039;hote\" data-title=\"405000167_894280675185578_2965161411179754658_n\" style=\" width:215px; height:215px;\" \/><\/div><FIGCAPTION class=\"\" data-alpha=\"5\" style=\"color:#ffffff; background-color:#6f0000; font-size:140; text-align:2; font-family:Default;\" ><div class=\"grid-gallery-figcaption-wrap\" style=\" vertical-align:;\"><div class=\"gg-image-caption fitvidsignore\" style=\"font-size:140;\"><object type=\"none\/none\">Mariage Dar El Cap - maison d&amp;#039;hote <\/object><\/div><\/div><\/FIGCAPTION><\/FIGURE><\/a><a id=\"gg-1-5\" class=\"gg-link \" data-attachment-id=\"988037\" href=\"http:\/\/darelcap.tn\/wp-content\/uploads\/2023\/12\/405266038_1100545104633984_3472320744871559827_n-scaled.jpg?gid=1\" target=\"_self\" title=\"Mariage Dar El Cap\" data-rel=\"prettyPhoto[pp_gal]\" style=\"border-radius:00;\" ><FIGURE class=\"grid-gallery-caption\" data-grid-gallery-type=\"quarter-slide-up\" data-index=\"4\" style=\"display:none;border-radius:00;; margin:5.3px; width:2150;\" ><div class=\"crop\" style=\" width:2150; height:2150; overflow:hidden;\"><img decoding=\"async\" src=\"http:\/\/darelcap.tn\/wp-content\/uploads\/2023\/12\/405266038_1100545104633984_3472320744871559827_n-scaled-215x215.jpg\" class=\"ggImg\" alt=\"Mariage Dar El Cap\" title=\"Mariage Dar El Cap\" data-description=\"Mariage Dar El Cap\" data-caption=\"Mariage Dar El Cap - maison d&amp;#039;hote\" data-title=\"405266038_1100545104633984_3472320744871559827_n\" style=\" width:215px; height:215px;\" \/><\/div><FIGCAPTION class=\"\" data-alpha=\"5\" style=\"color:#ffffff; background-color:#6f0000; font-size:140; text-align:2; font-family:Default;\" ><div class=\"grid-gallery-figcaption-wrap\" style=\" vertical-align:;\"><div class=\"gg-image-caption fitvidsignore\" style=\"font-size:140;\"><object type=\"none\/none\">Mariage Dar El Cap - maison d&amp;#039;hote <\/object><\/div><\/div><\/FIGCAPTION><\/FIGURE><\/a><a id=\"gg-1-6\" class=\"gg-link \" data-attachment-id=\"988038\" href=\"http:\/\/darelcap.tn\/wp-content\/uploads\/2023\/12\/405268782_883016463331516_2936103248760283824_n-scaled.jpg?gid=1\" target=\"_self\" title=\"Mariage Dar El Cap\" data-rel=\"prettyPhoto[pp_gal]\" style=\"border-radius:00;\" ><FIGURE class=\"grid-gallery-caption\" data-grid-gallery-type=\"quarter-slide-up\" data-index=\"5\" style=\"display:none;border-radius:00;; margin:5.3px; width:2150;\" ><div class=\"crop\" style=\" width:2150; height:2150; overflow:hidden;\"><img decoding=\"async\" src=\"http:\/\/darelcap.tn\/wp-content\/uploads\/2023\/12\/405268782_883016463331516_2936103248760283824_n-scaled-215x215.jpg\" class=\"ggImg\" alt=\"Mariage Dar El Cap - maison d&amp;#039;hote\" title=\"Mariage Dar El Cap\" data-description=\"Mariage Dar El Cap\" data-caption=\"Mariage Dar El Cap - maison d&amp;#039;hote\" data-title=\"405268782_883016463331516_2936103248760283824_n\" style=\" width:215px; height:215px;\" \/><\/div><FIGCAPTION class=\"\" data-alpha=\"5\" style=\"color:#ffffff; background-color:#6f0000; font-size:140; text-align:2; font-family:Default;\" ><div class=\"grid-gallery-figcaption-wrap\" style=\" vertical-align:;\"><div class=\"gg-image-caption fitvidsignore\" style=\"font-size:140;\"><object type=\"none\/none\">Mariage Dar El Cap - maison d&amp;#039;hote <\/object><\/div><\/div><\/FIGCAPTION><\/FIGURE><\/a><a id=\"gg-1-7\" class=\"gg-link \" data-attachment-id=\"988039\" href=\"http:\/\/darelcap.tn\/wp-content\/uploads\/2023\/12\/405508836_884957429581602_2133468741880040010_n-scaled.jpg?gid=1\" target=\"_self\" title=\"Mariage Dar El Cap - maison d&amp;amp;#039;hote\" data-rel=\"prettyPhoto[pp_gal]\" style=\"border-radius:00;\" ><FIGURE class=\"grid-gallery-caption\" data-grid-gallery-type=\"quarter-slide-up\" data-index=\"6\" style=\"display:none;border-radius:00;; margin:5.3px; width:2150;\" ><div class=\"crop\" style=\" width:2150; height:2150; overflow:hidden;\"><img decoding=\"async\" src=\"http:\/\/darelcap.tn\/wp-content\/uploads\/2023\/12\/405508836_884957429581602_2133468741880040010_n-scaled-215x215.jpg\" class=\"ggImg\" alt=\"Mariage Dar El Cap - maison d&amp;#039;hote\" title=\"Mariage Dar El Cap - maison d&amp;#039;hote\" data-description=\"Mariage Dar El Cap - maison d&amp;#039;hote\" data-caption=\"Mariage Dar El Cap - maison d&amp;#039;hote\" data-title=\"405508836_884957429581602_2133468741880040010_n\" style=\" width:215px; height:215px;\" \/><\/div><FIGCAPTION class=\"\" data-alpha=\"5\" style=\"color:#ffffff; background-color:#6f0000; font-size:140; text-align:2; font-family:Default;\" ><div class=\"grid-gallery-figcaption-wrap\" style=\" vertical-align:;\"><div class=\"gg-image-caption fitvidsignore\" style=\"font-size:140;\"><object type=\"none\/none\">Mariage Dar El Cap - maison d&amp;#039;hote <\/object><\/div><\/div><\/FIGCAPTION><\/FIGURE><\/a><a id=\"gg-1-8\" class=\"gg-link \" data-attachment-id=\"988040\" href=\"http:\/\/darelcap.tn\/wp-content\/uploads\/2023\/12\/405589387_895607691702350_2436006207557582042_n-scaled.jpg?gid=1\" target=\"_self\" title=\"Mariage Dar El Cap - maison d&amp;amp;#039;hote\" data-rel=\"prettyPhoto[pp_gal]\" style=\"border-radius:00;\" ><FIGURE class=\"grid-gallery-caption\" data-grid-gallery-type=\"quarter-slide-up\" data-index=\"7\" style=\"display:none;border-radius:00;; margin:5.3px; width:2150;\" ><div class=\"crop\" style=\" width:2150; height:2150; overflow:hidden;\"><img decoding=\"async\" src=\"http:\/\/darelcap.tn\/wp-content\/uploads\/2023\/12\/405589387_895607691702350_2436006207557582042_n-scaled-215x215.jpg\" class=\"ggImg\" alt=\"Mariage Dar El Cap - maison d&amp;#039;hote\" title=\"Mariage Dar El Cap - maison d&amp;#039;hote\" data-description=\"Mariage Dar El Cap - maison d&amp;#039;hote\" data-caption=\"Mariage Dar El Cap - maison d&amp;#039;hote\" data-title=\"405589387_895607691702350_2436006207557582042_n\" style=\" width:215px; height:215px;\" \/><\/div><FIGCAPTION class=\"\" data-alpha=\"5\" style=\"color:#ffffff; background-color:#6f0000; font-size:140; text-align:2; font-family:Default;\" ><div class=\"grid-gallery-figcaption-wrap\" style=\" vertical-align:;\"><div class=\"gg-image-caption fitvidsignore\" style=\"font-size:140;\"><object type=\"none\/none\">Mariage Dar El Cap - maison d&amp;#039;hote <\/object><\/div><\/div><\/FIGCAPTION><\/FIGURE><\/a><a id=\"gg-1-9\" class=\"gg-link \" data-attachment-id=\"988041\" href=\"http:\/\/darelcap.tn\/wp-content\/uploads\/2023\/12\/406365134_1038277500740273_5656857519937584652_n-scaled.jpg?gid=1\" target=\"_self\" title=\"Mariage Dar El Cap - maison d&amp;amp;#039;hote\" data-rel=\"prettyPhoto[pp_gal]\" style=\"border-radius:00;\" ><FIGURE class=\"grid-gallery-caption\" data-grid-gallery-type=\"quarter-slide-up\" data-index=\"8\" style=\"display:none;border-radius:00;; margin:5.3px; width:2150;\" ><div class=\"crop\" style=\" width:2150; height:2150; overflow:hidden;\"><img decoding=\"async\" src=\"http:\/\/darelcap.tn\/wp-content\/uploads\/2023\/12\/406365134_1038277500740273_5656857519937584652_n-scaled-215x215.jpg\" class=\"ggImg\" alt=\"Mariage Dar El Cap - maison d&amp;#039;hote\" title=\"Mariage Dar El Cap - maison d&amp;#039;hote\" data-description=\"Mariage Dar El Cap - maison d&amp;#039;hote\" data-caption=\"Mariage Dar El Cap - maison d&amp;#039;hote\" data-title=\"406365134_1038277500740273_5656857519937584652_n\" style=\" width:215px; height:215px;\" \/><\/div><FIGCAPTION class=\"\" data-alpha=\"5\" style=\"color:#ffffff; background-color:#6f0000; font-size:140; text-align:2; font-family:Default;\" ><div class=\"grid-gallery-figcaption-wrap\" style=\" vertical-align:;\"><div class=\"gg-image-caption fitvidsignore\" style=\"font-size:140;\"><object type=\"none\/none\">Mariage Dar El Cap - maison d&amp;#039;hote <\/object><\/div><\/div><\/FIGCAPTION><\/FIGURE><\/a><a id=\"gg-1-10\" class=\"gg-link \" data-attachment-id=\"988042\" href=\"http:\/\/darelcap.tn\/wp-content\/uploads\/2023\/12\/406376047_339633628415718_433004905790540735_n-scaled.jpg?gid=1\" target=\"_self\" title=\"Mariage Dar El Cap - maison d&amp;amp;#039;hote\" data-rel=\"prettyPhoto[pp_gal]\" style=\"border-radius:00;\" ><FIGURE class=\"grid-gallery-caption\" data-grid-gallery-type=\"quarter-slide-up\" data-index=\"9\" style=\"display:none;border-radius:00;; margin:5.3px; width:2150;\" ><div class=\"crop\" style=\" width:2150; height:2150; overflow:hidden;\"><img decoding=\"async\" src=\"http:\/\/darelcap.tn\/wp-content\/uploads\/2023\/12\/406376047_339633628415718_433004905790540735_n-scaled-215x215.jpg\" class=\"ggImg\" alt=\"Mariage Dar El Cap - maison d&amp;#039;hote\" title=\"Mariage Dar El Cap - maison d&amp;#039;hote\" data-description=\"Mariage Dar El Cap - maison d&amp;#039;hote\" data-caption=\"Mariage Dar El Cap - maison d&amp;#039;hote\" data-title=\"406376047_339633628415718_433004905790540735_n\" style=\" width:215px; height:215px;\" \/><\/div><FIGCAPTION class=\"\" data-alpha=\"5\" style=\"color:#ffffff; background-color:#6f0000; font-size:140; text-align:2; font-family:Default;\" ><div class=\"grid-gallery-figcaption-wrap\" style=\" vertical-align:;\"><div class=\"gg-image-caption fitvidsignore\" style=\"font-size:140;\"><object type=\"none\/none\">Mariage Dar El Cap - maison d&amp;#039;hote <\/object><\/div><\/div><\/FIGCAPTION><\/FIGURE><\/a><a id=\"gg-1-11\" class=\"gg-link \" data-attachment-id=\"988043\" href=\"http:\/\/darelcap.tn\/wp-content\/uploads\/2023\/12\/406609308_1010143083405507_1197109385803512089_n-scaled.jpg?gid=1\" target=\"_self\" title=\"Mariage Dar El Cap - maison d&amp;amp;#039;hote\" data-rel=\"prettyPhoto[pp_gal]\" style=\"border-radius:00;\" ><FIGURE class=\"grid-gallery-caption\" data-grid-gallery-type=\"quarter-slide-up\" data-index=\"10\" style=\"display:none;border-radius:00;; margin:5.3px; width:2150;\" ><div class=\"crop\" style=\" width:2150; height:2150; overflow:hidden;\"><img decoding=\"async\" src=\"http:\/\/darelcap.tn\/wp-content\/uploads\/2023\/12\/406609308_1010143083405507_1197109385803512089_n-scaled-215x215.jpg\" class=\"ggImg\" alt=\"Mariage Dar El Cap - maison d&amp;#039;hote\" title=\"Mariage Dar El Cap - maison d&amp;#039;hote\" data-description=\"Mariage Dar El Cap - maison d&amp;#039;hote\" data-caption=\"Mariage Dar El Cap - maison d&amp;#039;hote\" data-title=\"406609308_1010143083405507_1197109385803512089_n\" style=\" width:215px; height:215px;\" \/><\/div><FIGCAPTION class=\"\" data-alpha=\"5\" style=\"color:#ffffff; background-color:#6f0000; font-size:140; text-align:2; font-family:Default;\" ><div class=\"grid-gallery-figcaption-wrap\" style=\" vertical-align:;\"><div class=\"gg-image-caption fitvidsignore\" style=\"font-size:140;\"><object type=\"none\/none\">Mariage Dar El Cap - maison d&amp;#039;hote <\/object><\/div><\/div><\/FIGCAPTION><\/FIGURE><\/a> <div class=\"grid-gallery-clearfix\"><\/div> <\/div> <div class=\"gallery-sharing-bottom\"><\/div> <div class=\"grid-gallery-clearfix\"><\/div> <\/div> <!-- Gallery by Supsystic plugin1.15.14 --><a title=\"WordPress Image Gallery Plugin\" style=\"display:none;\" href=\"https:\/\/supsystic.com\/plugins\/photo-gallery\/?utm_medium=love_link\" target=\"_blank\">WordPress Image Gallery Plugin<\/a>\n\n<\/div><!-- .vgblk-rw-wrapper -->","protected":false},"excerpt":{"rendered":"<p>Notre offre pour les mariages Chez Dar El Cap, vous pouvez louer la villa en entier et les espaces ext\u00e9rieurs pour votre mariage Capacit\u00e9 maximum d&#8217;accueil pour l&#8217;\u00e9v\u00e8nement: 150 personnes Services inclus dans la location: D\u00e9corations des 3 espaces de mariages, y compris la d\u00e9corations des tables de diners (Pergola, D\u00f4me, Piscine et toit) &nbsp;&#8230;<\/p>\n","protected":false},"author":1,"featured_media":0,"parent":0,"menu_order":0,"comment_status":"closed","ping_status":"closed","template":"","meta":{"inline_featured_image":false,"footnotes":""},"class_list":["post-17166","page","type-page","status-publish","hentry"],"_links":{"self":[{"href":"http:\/\/darelcap.tn\/index.php?rest_route=\/wp\/v2\/pages\/17166","targetHints":{"allow":["GET"]}}],"collection":[{"href":"http:\/\/darelcap.tn\/index.php?rest_route=\/wp\/v2\/pages"}],"about":[{"href":"http:\/\/darelcap.tn\/index.php?rest_route=\/wp\/v2\/types\/page"}],"author":[{"embeddable":true,"href":"http:\/\/darelcap.tn\/index.php?rest_route=\/wp\/v2\/users\/1"}],"replies":[{"embeddable":true,"href":"http:\/\/darelcap.tn\/index.php?rest_route=%2Fwp%2Fv2%2Fcomments&post=17166"}],"version-history":[{"count":22,"href":"http:\/\/darelcap.tn\/index.php?rest_route=\/wp\/v2\/pages\/17166\/revisions"}],"predecessor-version":[{"id":988048,"href":"http:\/\/darelcap.tn\/index.php?rest_route=\/wp\/v2\/pages\/17166\/revisions\/988048"}],"wp:attachment":[{"href":"http:\/\/darelcap.tn\/index.php?rest_route=%2Fwp%2Fv2%2Fmedia&parent=17166"}],"curies":[{"name":"wp","href":"https:\/\/api.w.org\/{rel}","templated":true}]}}