{"id":987966,"date":"2022-10-25T16:01:13","date_gmt":"2022-10-25T14:01:13","guid":{"rendered":"http:\/\/darelcap.tn\/?page_id=987966"},"modified":"2025-04-22T21:03:18","modified_gmt":"2025-04-22T19:03:18","slug":"apartments-copy","status":"publish","type":"page","link":"http:\/\/darelcap.tn\/?page_id=987966","title":{"rendered":"Location de la villa"},"content":{"rendered":"<div class=\"vgblk-rw-wrapper limit-wrapper\">\n<h3>\n\tPour faire une r\u00e9servation:\n\t<\/h3>\n\t\t\t<a href=\"https:\/\/www.instagram.com\/darelcap\/\" target=\"_blank\" role=\"button\" rel=\"noopener\">\n\t\t\t\t\t\tInstagram\n\t\t\t\t\t<\/a>\n\t\t\t<a href=\"https:\/\/tunrooms.com\/rooms\/11471\" target=\"_blank\" role=\"button\" rel=\"noopener\">\n\t\t\t\t\t\tTunRooms\n\t\t\t\t\t<\/a>\n\t\t\t<a href=\"https:\/\/www.airbnb.fr\/rooms\/707158025870460285?source_impression_id=p3_1666705802_opR4QPE0qzjrzoV5\" target=\"_blank\" role=\"button\" rel=\"noopener\">\n\t\t\t\t\t\tAirbnb\n\t\t\t\t\t<\/a>\n\t\t\t<a href=\"https:\/\/www.tripadvisor.com\/Hotel_Review-g25093025-d25093028-Reviews-Dar_El_Cap-Cape_Negro_Beja_Governorate.html\" target=\"_blank\" role=\"button\" rel=\"noopener\">\n\t\t\t\t\t\tTripadvisor\n\t\t\t\t\t<\/a>\n<h2>\n\tNotre offre\n\t<\/h2>\n\t<ul>\n<li>Chez Dar El Cap, vous pouvez louer la villa en entier pour votre s\u00e9jour ou pour vos \u00e9v\u00e9nements.<\/li>\n<li>Petit d\u00e9jeuner inclus, ainsi qu&#8217;une r\u00e9duction de 50% sur les activit\u00e9s nautiques (Kayak, Paddle et planche de surf)<\/li>\n<li>La maison est compos\u00e9e de 4 chambres, 4 salles de bain et 2 salons.<\/li>\n<li>L&#8217;espace ext\u00e9rieur est constitu\u00e9 d&#8217;une piscine (4*9 m\u00e8tres), d&#8217;une pergola, d&#8217;une coupole arabesque et de deux jardins.<\/li>\n<li>La maison est \u00e0 15 minutes \u00e0 pieds de la plage sableuse.<\/li>\n<\/ul>\n<p>&nbsp;<\/p>\n<p>Le prix de location:<\/p>\n<p>&#8211; 1000 dinars la nuit\u00e9e du mois d&#8217;octobre au mois de mai (sauf la p\u00e9riode de no\u00ebl)<\/p>\n<p>&#8211; 1200 dinars la nuit\u00e9e durant le mois de juin et septembre<\/p>\n<p>&#8211; 1400 dinars la nuit\u00e9e durant le mois de juillet et aout<\/p>\n<p>&nbsp;<\/p>\n<h2>\n\tR\u00e9gles et politiques de la villa\n\t<\/h2>\n\t\n<ul>\n<li>La maison est situ\u00e9 sur une montagne et on n&#8217;est pas connect\u00e9 au r\u00e9seau \u00e9lectrique public, Nous sommes donc aliment\u00e9s \u00e0 partir d&#8217;\u00e9nergie solaire ou de g\u00e9n\u00e9ratrices<\/li>\n<li><strong>On doit \u00e9teindre les climatiseurs 2 heures par jour<\/strong> (il n&#8217;est pas possible d&#8217;activer les climatiseurs 24h puisqu&#8217;il faut faire des pauses de 2 heures aux moteurs)<\/li>\n<li><strong>Les climatiseurs ne sont activ\u00e9s qu&#8217;au cours des vagues de chaleur (temp\u00e9ratures sup\u00e9rieures \u00e0 28 degr\u00e9s)<\/strong><\/li>\n<li>L&#8217;entretien de la piscine est <strong>minuit chaque jour<\/strong>, donc il n&#8217;est pas possible d&#8217;utiliser la piscine \u00e0 partir de minuit.<\/li>\n<li>Le responsable de la maison r\u00e9side au sous-sol de la maison qui a une porte compl\u00e8tement s\u00e9par\u00e9\u00a0 de la maison.<\/li>\n<\/ul>\n<h2>\n\tInformations importantes sur le quartier\n\t<\/h2>\n\t<p>&nbsp;<\/p>\n<ul>\n<li>Il n&#8217;y a aucun commerce ou restaurant alentour de la maison, les commerces ou les restaurants les plus proches sont \u00e0 Nefza.<\/li>\n<li>La maison est \u00e0 30 minutes en voiture de la ville de Nefza (la ville la plus proche).<\/li>\n<li>On offre un service de traiteur donc il est possible de commander des plats durant votre s\u00e9jour (\u00e0 condition de les commander au moins 24h en avance)<\/li>\n<li>Le chemin le plus simple de Tunis jusqu&#8217;\u00e0 Dar El Cap est le suivant: Prendre l&#8217;autoroute de B\u00e9ja (a3) -&gt; Prendre la sortie de Nefza et se rendre jusqu&#8217;\u00e0 Nefza -&gt; Prendre la sortie de Sajnen jusqu&#8217;\u00e0 l&#8217;entr\u00e9e de Cap Negro -&gt; la plage de Cap Negro l\u00e0 ou vous trouvez rapidement Dar El Cap.<\/li>\n<\/ul>\n<h1>\n\tUne vue \u00e9poustouflante dans chaque coin de la Villa\n\t<\/h1>\n\t<p>La villa est situ\u00e9 entre deux montagnes, en face de la mer! Une g\u00e9olocalisation qui offre une vue \u00e0 couper le souffre.<\/p>\n<p>Les chambres comprennent un lit double, une armoire, une t\u00e9l\u00e9vision, un divan et une table d&#8217;ext\u00e9rieur pour le balcon. Leur salle de bains privative est pourvue d&#8217;une douche et d&#8217;un s\u00e8che-cheveux.<\/p>\n<p>Le linge de lit et les serviettes sont fournis.<\/p>\n<p>Un petit-d\u00e9jeuner est servi sur place (inclus dans le prix de la location).<\/p>\n<h2>\n\tNos suites\n\t<\/h2>\n\t<p>Dar El Cap propose 4 suites luxueuses.<\/p>\n<h2>\n\tLa suite Oc\u00e9an\n\t<\/h2>\n\t<p>La suite Oc\u00e9an se distingue par sa vue sur la mer, son architecture Andalou et sa baignoire situ\u00e9e au milieu de la chambre afin de profiter de la vue tout en restant dans le confort de votre bain.<\/p>\n\t<a href=\"\/?page_id=987948\/\" target=\"_self\" role=\"button\">\n\t\t\t\t\tGallerie de la suite Oc\u00e9an\n\t<\/a>\n<h2>\n\tLa suite Mer Montagne\n\t<\/h2>\n\t<p>La suite Mer Montagne se distingue par sa vue sur la mer et sur la montagne et son architecture Andalou.<\/p>\n\t<a href=\"\/?page_id=987953\/\" target=\"_self\" role=\"button\">\n\t\t\t\t\tGallerie de la suite Mer Montagne\n\t<\/a>\n<h2>\n\tLa suite Montagne\n\t<\/h2>\n\t<p>La suite Montagne se distingue par sa vue sur la montagne et son architecture Andalou.<\/p>\n\t<a href=\"\/?page_id=987956\/\" target=\"_self\" role=\"button\">\n\t\t\t\t\tGallerie de la suite Montagne\n\t<\/a>\n<h2>\n\t\t\t<a href=\"\/?page_id=988003\" title=\"La suite Piscine\" target=\"_self\">\n\tLa suite Piscine\n\t\t\t<\/a>\n\t<\/h2>\n\t<p>La suite Piscine se distingue par sa vue sur la piscine et sur la mer et son style oriental.<\/p>\n\t<a href=\"\/?page_id=988003\" target=\"_self\" role=\"button\">\n\t\t\t\t\tGallerie de la suite Piscine\n\t<\/a>\n<h2>\n\tLes espaces communs \n\t<\/h2>\n\t<p>Ces espaces sont partag\u00e9s entre les clients des diff\u00e9rentes suites.<\/p>\n<h3>\n\tPiscine &amp; Terasse\n\t<\/h3>\n\t<p>La piscine est exceptionnellement am\u00e9nag\u00e9e pour avoir une vue sur la mer. Quoi de mieux que de passer une chaude journ\u00e9e au bord d&#8217;une piscine \u00e0 d\u00e9bordement avec vue sur la mer.<\/p>\n<h3>\n\tCuisine\n\t<\/h3>\n\t<p>Une cuisine tr\u00e8s bien \u00e9quip\u00e9e est \u00e0 la disposition de tous les clients. Les invit\u00e9es peuvent pr\u00e9parer ou chauffer leurs plats en toute libert\u00e9.<\/p>\n<h3>\n\t2 Salons\n\t<\/h3>\n\t<p>Dar El Cap dispose de deux salons tr\u00e8s confortables. Des espaces ad\u00e9quats pour les \u00e9changes entre les invit\u00e9s ou pour partager des bons moments en couple.<\/p>\n<h3>\n\tSpa\n\t<\/h3>\n\t<p>Les clients peuvent profiter d&#8217;un spa disponible tout au long de l&#8217;hiver, avec une vue sur les montagnes.<\/p>\n<h3>\n\tSalle \u00e0 manger\n\t<\/h3>\n\t<p>Avec une vari\u00e9t\u00e9 d&#8217;espaces sportifs, Gym &amp; Tennis Space, les clients peuvent s&#8217;entra\u00eener quotidiennement.<\/p>\n<h3>\n\tPergola &amp; Dome \n\t<\/h3>\n\t<p>La pergola est un espace ext\u00e9rieur que nous avons cr\u00e9\u00e9 pour vous connecter avec la nature et profiter des activit\u00e9s ext\u00e9rieures pr\u00e9vues par Dar El Cap, comme les cours de yoga, les d\u00eeners de groupe, les \u00e9v\u00e9nements, les barbecues ou simplement profiter de la vue du coucher du soleil.<\/p>\n<h3>\n\tR\u00e9servez d\u00e9s maintenant: \n\t<\/h3>\n\t\t\t<a href=\"https:\/\/www.instagram.com\/darelcap\/\" target=\"_blank\" role=\"button\" rel=\"noopener\">\n\t\t\t\t\t\tInstagram\n\t\t\t\t\t<\/a>\n\t\t\t<a href=\"https:\/\/tunrooms.com\/rooms\/11471\" target=\"_blank\" role=\"button\" rel=\"noopener\">\n\t\t\t\t\t\tTunRooms\n\t\t\t\t\t<\/a>\n\t\t\t<a href=\"https:\/\/www.airbnb.fr\/rooms\/707158025870460285?source_impression_id=p3_1666705802_opR4QPE0qzjrzoV5\" target=\"_blank\" role=\"button\" rel=\"noopener\">\n\t\t\t\t\t\tAirbnb\n\t\t\t\t\t<\/a>\n\t\t\t<a href=\"\" target=\"_blank\" role=\"button\" rel=\"noopener\">\n\t\t\t\t\t\tTripadvisor\n\t\t\t\t\t<\/a>\n\t\t\t\t\t\t\t<img loading=\"lazy\" decoding=\"async\" src=\"http:\/\/darelcap.tn\/wp-content\/uploads\/2022\/07\/294296389_368778078701211_6118495690462194334_n.jpg\" alt=\"294296389_368778078701211_6118495690462194334_n\" itemprop=\"image\" height=\"1365\" width=\"2048\" title=\"294296389_368778078701211_6118495690462194334_n\" onerror=\"this.style.display='none'\"  sizes=\"auto, (max-width: 760px) 100vw, 100vw\" srcset=\"http:\/\/darelcap.tn\/wp-content\/uploads\/2022\/07\/294296389_368778078701211_6118495690462194334_n.jpg 2048w, http:\/\/darelcap.tn\/wp-content\/uploads\/2022\/07\/294296389_368778078701211_6118495690462194334_n-300x200.jpg 300w, http:\/\/darelcap.tn\/wp-content\/uploads\/2022\/07\/294296389_368778078701211_6118495690462194334_n-1024x683.jpg 1024w, http:\/\/darelcap.tn\/wp-content\/uploads\/2022\/07\/294296389_368778078701211_6118495690462194334_n-768x512.jpg 768w, http:\/\/darelcap.tn\/wp-content\/uploads\/2022\/07\/294296389_368778078701211_6118495690462194334_n-1536x1024.jpg 1536w, http:\/\/darelcap.tn\/wp-content\/uploads\/2022\/07\/294296389_368778078701211_6118495690462194334_n-1260x840.jpg 1260w, http:\/\/darelcap.tn\/wp-content\/uploads\/2022\/07\/294296389_368778078701211_6118495690462194334_n-630x420.jpg 630w, http:\/\/darelcap.tn\/wp-content\/uploads\/2022\/07\/294296389_368778078701211_6118495690462194334_n-420x280.jpg 420w, http:\/\/darelcap.tn\/wp-content\/uploads\/2022\/07\/294296389_368778078701211_6118495690462194334_n-840x560.jpg 840w, http:\/\/darelcap.tn\/wp-content\/uploads\/2022\/07\/294296389_368778078701211_6118495690462194334_n-315x210.jpg 315w\" \/>\t\t\t\t\t\t\t\n<h3>La Villa\u00a0<\/h3>\n<p>Les espaces de la villa sont exceptionnellement am\u00e9nag\u00e9s pour profiter d&#8217;un s\u00e9jour agr\u00e9able et relaxe. Loin de l&#8217;agitation et le bruit des villes, le bruit de l&#8217;eau courante autour de la piscine et le vent dans la montagne apaisent tandis que les chaises longues et les lanternes \u00e0 bougies conf\u00e8rent une ambiance m\u00e9diterran\u00e9enne classique.<\/p>\n<h3>La piscine<\/h3>\n<p>Quoi de mieux dans une chaude journ\u00e9e que de s&#8217;allonger au bord d&#8217;une piscine infinity avec vue sur la mer.<\/p>\n\t\t\t\t\t\t\t<img loading=\"lazy\" decoding=\"async\" src=\"http:\/\/darelcap.tn\/wp-content\/uploads\/2023\/12\/347440875_204378202414809_2076707251991076649_n.jpg\" alt=\"347440875_204378202414809_2076707251991076649_n\" itemprop=\"image\" height=\"990\" width=\"1440\" title=\"347440875_204378202414809_2076707251991076649_n\" onerror=\"this.style.display='none'\"  sizes=\"auto, (max-width: 760px) 100vw, 100vw\" srcset=\"http:\/\/darelcap.tn\/wp-content\/uploads\/2023\/12\/347440875_204378202414809_2076707251991076649_n.jpg 1440w, http:\/\/darelcap.tn\/wp-content\/uploads\/2023\/12\/347440875_204378202414809_2076707251991076649_n-300x206.jpg 300w, http:\/\/darelcap.tn\/wp-content\/uploads\/2023\/12\/347440875_204378202414809_2076707251991076649_n-1024x704.jpg 1024w, http:\/\/darelcap.tn\/wp-content\/uploads\/2023\/12\/347440875_204378202414809_2076707251991076649_n-768x528.jpg 768w, http:\/\/darelcap.tn\/wp-content\/uploads\/2023\/12\/347440875_204378202414809_2076707251991076649_n-1260x866.jpg 1260w, http:\/\/darelcap.tn\/wp-content\/uploads\/2023\/12\/347440875_204378202414809_2076707251991076649_n-630x433.jpg 630w, http:\/\/darelcap.tn\/wp-content\/uploads\/2023\/12\/347440875_204378202414809_2076707251991076649_n-420x289.jpg 420w, http:\/\/darelcap.tn\/wp-content\/uploads\/2023\/12\/347440875_204378202414809_2076707251991076649_n-840x578.jpg 840w, http:\/\/darelcap.tn\/wp-content\/uploads\/2023\/12\/347440875_204378202414809_2076707251991076649_n-315x217.jpg 315w\" \/>\t\t\t\t\t\t\t\n\t\t\t\t\t\t\t<img loading=\"lazy\" decoding=\"async\" src=\"http:\/\/darelcap.tn\/wp-content\/uploads\/2022\/08\/298712731_900488674263233_7880293074107713367_n-scaled.jpg\" alt=\"298712731_900488674263233_7880293074107713367_n\" itemprop=\"image\" height=\"1707\" width=\"2560\" title=\"298712731_900488674263233_7880293074107713367_n\" onerror=\"this.style.display='none'\"  sizes=\"auto, (max-width: 760px) 100vw, 100vw\" srcset=\"http:\/\/darelcap.tn\/wp-content\/uploads\/2022\/08\/298712731_900488674263233_7880293074107713367_n-scaled.jpg 2560w, http:\/\/darelcap.tn\/wp-content\/uploads\/2022\/08\/298712731_900488674263233_7880293074107713367_n-300x200.jpg 300w, http:\/\/darelcap.tn\/wp-content\/uploads\/2022\/08\/298712731_900488674263233_7880293074107713367_n-1024x683.jpg 1024w, http:\/\/darelcap.tn\/wp-content\/uploads\/2022\/08\/298712731_900488674263233_7880293074107713367_n-768x512.jpg 768w, http:\/\/darelcap.tn\/wp-content\/uploads\/2022\/08\/298712731_900488674263233_7880293074107713367_n-1536x1024.jpg 1536w, http:\/\/darelcap.tn\/wp-content\/uploads\/2022\/08\/298712731_900488674263233_7880293074107713367_n-2048x1365.jpg 2048w, http:\/\/darelcap.tn\/wp-content\/uploads\/2022\/08\/298712731_900488674263233_7880293074107713367_n-1260x840.jpg 1260w, http:\/\/darelcap.tn\/wp-content\/uploads\/2022\/08\/298712731_900488674263233_7880293074107713367_n-630x420.jpg 630w, http:\/\/darelcap.tn\/wp-content\/uploads\/2022\/08\/298712731_900488674263233_7880293074107713367_n-420x280.jpg 420w, http:\/\/darelcap.tn\/wp-content\/uploads\/2022\/08\/298712731_900488674263233_7880293074107713367_n-840x560.jpg 840w, http:\/\/darelcap.tn\/wp-content\/uploads\/2022\/08\/298712731_900488674263233_7880293074107713367_n-315x210.jpg 315w\" \/>\t\t\t\t\t\t\t\n<h3>La Pergola<\/h3>\n<p>La pergola est l&#8217;espace ext\u00e9rieur que nous avons cr\u00e9\u00e9 pour vous connecter avec la nature et profiter des activit\u00e9s ext\u00e9rieures pr\u00e9vues par Dar El Cap, comme les cours de yoga, les d\u00eeners de groupe, les \u00e9v\u00e9nements, les barbecues ou simplement profiter de la vue sur le coucher du soleil.<\/p>\n<h3>Le d\u00f4me<\/h3>\n<p>Le d\u00f4me est un espace ext\u00e9rieur que nous avons mis en place pour profiter d&#8217;un d\u00e9licieux repas en plein air ou pour les propositions de mariage. Un lieu romantique qui vous transporte dans un autre temps avec une architecture remarquable.<\/p>\n\t\t\t\t\t\t\t<img loading=\"lazy\" decoding=\"async\" src=\"http:\/\/darelcap.tn\/wp-content\/uploads\/2023\/12\/dome.jpg\" alt=\"dome\" itemprop=\"image\" height=\"1028\" width=\"1440\" title=\"dome\" onerror=\"this.style.display='none'\"  sizes=\"auto, (max-width: 760px) 100vw, 100vw\" srcset=\"http:\/\/darelcap.tn\/wp-content\/uploads\/2023\/12\/dome.jpg 1440w, http:\/\/darelcap.tn\/wp-content\/uploads\/2023\/12\/dome-300x214.jpg 300w, http:\/\/darelcap.tn\/wp-content\/uploads\/2023\/12\/dome-1024x731.jpg 1024w, http:\/\/darelcap.tn\/wp-content\/uploads\/2023\/12\/dome-768x548.jpg 768w, http:\/\/darelcap.tn\/wp-content\/uploads\/2023\/12\/dome-1260x900.jpg 1260w, http:\/\/darelcap.tn\/wp-content\/uploads\/2023\/12\/dome-630x450.jpg 630w, http:\/\/darelcap.tn\/wp-content\/uploads\/2023\/12\/dome-420x300.jpg 420w, http:\/\/darelcap.tn\/wp-content\/uploads\/2023\/12\/dome-840x600.jpg 840w, http:\/\/darelcap.tn\/wp-content\/uploads\/2023\/12\/dome-315x225.jpg 315w\" \/>\t\t\t\t\t\t\t\n\t\t\t\t\t\t\t<img loading=\"lazy\" decoding=\"async\" src=\"http:\/\/darelcap.tn\/wp-content\/uploads\/2023\/12\/403408850_372933805110347_6027396779055199537_n.jpg\" alt=\"403408850_372933805110347_6027396779055199537_n\" itemprop=\"image\" height=\"1830\" width=\"1179\" title=\"403408850_372933805110347_6027396779055199537_n\" onerror=\"this.style.display='none'\"  sizes=\"auto, (max-width: 760px) 100vw, 100vw\" srcset=\"http:\/\/darelcap.tn\/wp-content\/uploads\/2023\/12\/403408850_372933805110347_6027396779055199537_n.jpg 1179w, http:\/\/darelcap.tn\/wp-content\/uploads\/2023\/12\/403408850_372933805110347_6027396779055199537_n-193x300.jpg 193w, http:\/\/darelcap.tn\/wp-content\/uploads\/2023\/12\/403408850_372933805110347_6027396779055199537_n-660x1024.jpg 660w, http:\/\/darelcap.tn\/wp-content\/uploads\/2023\/12\/403408850_372933805110347_6027396779055199537_n-768x1192.jpg 768w, http:\/\/darelcap.tn\/wp-content\/uploads\/2023\/12\/403408850_372933805110347_6027396779055199537_n-990x1536.jpg 990w, http:\/\/darelcap.tn\/wp-content\/uploads\/2023\/12\/403408850_372933805110347_6027396779055199537_n-630x978.jpg 630w, http:\/\/darelcap.tn\/wp-content\/uploads\/2023\/12\/403408850_372933805110347_6027396779055199537_n-420x652.jpg 420w, http:\/\/darelcap.tn\/wp-content\/uploads\/2023\/12\/403408850_372933805110347_6027396779055199537_n-840x1304.jpg 840w, http:\/\/darelcap.tn\/wp-content\/uploads\/2023\/12\/403408850_372933805110347_6027396779055199537_n-315x489.jpg 315w\" \/>\t\t\t\t\t\t\t\n<h3>La salle \u00e0 manger et le petit d\u00e9jeuner\u00a0<\/h3>\n<p>D\u00e9couvrez notre salle \u00e0 manger, un Espace Boh\u00e8me Zen qui diffuse une \u00e9nergie positive et une atmosph\u00e8re de vacances. En fonction de votre r\u00e9servation, vous pourrez d\u00e9guster un petit-d\u00e9jeuner frais et d\u00e9licieux.<\/p>\n<h2>\n\tNotre Calendrier\n\t<\/h2>\n\t<p>Pour toutes vos r\u00e9servations, vous pouvez v\u00e9rifier la disponibilit\u00e9 de toutes les suites sur notre calendrier.<\/p>\n\t<iframe loading=\"lazy\" src=\"https:\/\/calendar.google.com\/calendar\/embed?src=darelcapguest%40gmail.com&#038;ctz=Europe%2FParis\" width=\"100%\" height=\"600\" frameborder=\"0\" scrolling=\"no\"><\/iframe>\n\n<\/div><!-- .vgblk-rw-wrapper -->","protected":false},"excerpt":{"rendered":"<p>Pour faire une r\u00e9servation: Instagram TunRooms Airbnb Tripadvisor Notre offre Chez Dar El Cap, vous pouvez louer la villa en entier pour votre s\u00e9jour ou pour vos \u00e9v\u00e9nements. Petit d\u00e9jeuner inclus, ainsi qu&#8217;une r\u00e9duction de 50% sur les activit\u00e9s nautiques (Kayak, Paddle et planche de surf) La maison est compos\u00e9e de 4 chambres, 4 salles&#8230;<\/p>\n","protected":false},"author":1,"featured_media":0,"parent":0,"menu_order":0,"comment_status":"closed","ping_status":"closed","template":"","meta":{"inline_featured_image":false,"footnotes":""},"class_list":["post-987966","page","type-page","status-publish","hentry"],"_links":{"self":[{"href":"http:\/\/darelcap.tn\/index.php?rest_route=\/wp\/v2\/pages\/987966","targetHints":{"allow":["GET"]}}],"collection":[{"href":"http:\/\/darelcap.tn\/index.php?rest_route=\/wp\/v2\/pages"}],"about":[{"href":"http:\/\/darelcap.tn\/index.php?rest_route=\/wp\/v2\/types\/page"}],"author":[{"embeddable":true,"href":"http:\/\/darelcap.tn\/index.php?rest_route=\/wp\/v2\/users\/1"}],"replies":[{"embeddable":true,"href":"http:\/\/darelcap.tn\/index.php?rest_route=%2Fwp%2Fv2%2Fcomments&post=987966"}],"version-history":[{"count":19,"href":"http:\/\/darelcap.tn\/index.php?rest_route=\/wp\/v2\/pages\/987966\/revisions"}],"predecessor-version":[{"id":988050,"href":"http:\/\/darelcap.tn\/index.php?rest_route=\/wp\/v2\/pages\/987966\/revisions\/988050"}],"wp:attachment":[{"href":"http:\/\/darelcap.tn\/index.php?rest_route=%2Fwp%2Fv2%2Fmedia&parent=987966"}],"curies":[{"name":"wp","href":"https:\/\/api.w.org\/{rel}","templated":true}]}}